{"id":5,"date":"2018-03-19T09:19:52","date_gmt":"2018-03-19T09:19:52","guid":{"rendered":"http:\/\/bridge189.qodeinteractive.com\/?page_id=5"},"modified":"2021-05-21T14:17:46","modified_gmt":"2021-05-21T14:17:46","slug":"home","status":"publish","type":"page","link":"https:\/\/koalabasim.com\/","title":{"rendered":"Ana Sayfa"},"content":{"rendered":"<p>[vc_row css_animation=&#8221;&#8221; row_type=&#8221;row&#8221; use_row_as_full_screen_section=&#8221;no&#8221; type=&#8221;full_width&#8221; angled_section=&#8221;no&#8221; text_align=&#8221;left&#8221; background_image_as_pattern=&#8221;without_pattern&#8221;][vc_column]<link href=\"https:\/\/fonts.googleapis.com\/css?family=Montserrat:400%2C800\" rel=\"stylesheet\" property=\"stylesheet\" type=\"text\/css\" media=\"all\">\n<div id=\"rev_slider_1_1_wrapper\" class=\"rev_slider_wrapper fullwidthbanner-container\" data-source=\"gallery\" style=\"margin:0px auto;background:transparent;padding:0px;margin-top:0px;margin-bottom:0px;\">\n<!-- START REVOLUTION SLIDER 5.4.8.3 auto mode -->\n\t<div id=\"rev_slider_1_1\" class=\"rev_slider fullwidthabanner\" style=\"display:none;\" data-version=\"5.4.8.3\">\n<ul>\t<!-- SLIDE  -->\n\t<li data-index=\"rs-1\" data-transition=\"fade\" data-slotamount=\"default\" data-hideafterloop=\"0\" data-hideslideonmobile=\"off\"  data-easein=\"default\" data-easeout=\"default\" data-masterspeed=\"300\"  data-rotate=\"0\"  data-saveperformance=\"off\"  data-title=\"Slide\" data-param1=\"\" data-param2=\"\" data-param3=\"\" data-param4=\"\" data-param5=\"\" data-param6=\"\" data-param7=\"\" data-param8=\"\" data-param9=\"\" data-param10=\"\" data-description=\"\">\n\t\t<!-- MAIN IMAGE -->\n\t\t<img src=\"https:\/\/koalabasim.com\/wp-content\/uploads\/2021\/05\/header_koala_basim_01.png\"  alt=\"\" title=\"header_koala_basim_01\"  width=\"1920\" height=\"810\" data-bgposition=\"center center\" data-bgfit=\"cover\" class=\"rev-slidebg\" data-no-retina>\n\t\t<!-- LAYERS -->\n\n\t\t<!-- BACKGROUND VIDEO LAYER -->\n\t\t<div class=\"rs-background-video-layer\" \n\t\t\tdata-forcerewind=\"on\" \n\t\t\tdata-volume=\"mute\" \n\t\t\tdata-videowidth=\"100%\" \n\t\t\tdata-videoheight=\"100%\" \n\t\t\tdata-videoogv=\"http:\/\/koalabasim.com\/wp-content\/uploads\/2021\/05\/Shutterstock-1066221766-1-1.m4v\" \n\t\t\tdata-videowebm=\"http:\/\/koalabasim.com\/wp-content\/uploads\/2021\/05\/Shutterstock-1066221766-1-1.m4v\" \n\t\t\tdata-videomp4=\"http:\/\/koalabasim.com\/wp-content\/uploads\/2021\/05\/Shutterstock-1066221766-1-1.m4v\" \n\t\t\tdata-videopreload=\"auto\" \n\t\t\tdata-videoloop=\"none\" \n\t\t\tdata-forceCover=\"1\" \n\t\t\tdata-aspectratio=\"16:9\" \n\t\t\tdata-autoplay=\"true\" \n\t\t\tdata-autoplayonlyfirsttime=\"false\" \n><\/div>\n\t\t<!-- LAYER NR. 1 -->\n\t\t<div class=\"tp-caption  \" \n\t\t\t id=\"slide-1-layer-1\" \n\t\t\t data-x=\"['left','left','center','left']\" data-hoffset=\"['143','95','-60','21']\" \n\t\t\t data-y=\"['middle','middle','middle','middle']\" data-voffset=\"['-180','-124','-134','-94']\" \n\t\t\t\t\t\tdata-fontsize=\"['26','19','20','15']\"\n\t\t\tdata-lineheight=\"['35','32','29','20']\"\n\t\t\tdata-color=\"['rgb(255,204,0)','rgb(102,102,102)','rgb(255,204,0)','rgb(255,204,0)']\"\n\t\t\tdata-letterspacing=\"['1','1','2','2']\"\n\t\t\tdata-width=\"['694','none','none','246']\"\n\t\t\tdata-height=\"['36','none','none','43']\"\n\t\t\tdata-whitespace=\"['nowrap','nowrap','normal','normal']\"\n \n\t\t\tdata-type=\"text\" \n\t\t\tdata-basealign=\"slide\" \n\t\t\tdata-responsive_offset=\"off\" \n\t\t\tdata-responsive=\"off\"\n\t\t\tdata-frames='[{\"delay\":10,\"speed\":700,\"frame\":\"0\",\"from\":\"x:left;skX:45px;\",\"to\":\"o:1;\",\"ease\":\"Power3.easeOut\"},{\"delay\":\"wait\",\"speed\":300,\"frame\":\"999\",\"to\":\"opacity:0;\",\"ease\":\"Power3.easeInOut\"}]'\n\t\t\tdata-textAlign=\"['inherit','inherit','inherit','inherit']\"\n\t\t\tdata-paddingtop=\"[0,0,0,0]\"\n\t\t\tdata-paddingright=\"[0,0,0,0]\"\n\t\t\tdata-paddingbottom=\"[0,0,0,0]\"\n\t\t\tdata-paddingleft=\"[0,0,0,0]\"\n\n\t\t\tstyle=\"z-index: 5; min-width: 694px; max-width: 694px; max-width: 36px; max-width: 36px; white-space: nowrap; font-size: 26px; line-height: 35px; font-weight: 400; color: #ffcc00; letter-spacing: 1px;font-family:Montserrat;\">Siz i\u015fi ustas\u0131na b\u0131rak\u0131n... <\/div>\n\n\t\t<!-- LAYER NR. 2 -->\n\t\t<div class=\"tp-caption  \" \n\t\t\t id=\"slide-1-layer-2\" \n\t\t\t data-x=\"['left','left','center','left']\" data-hoffset=\"['141','92','68','20']\" \n\t\t\t data-y=\"['middle','middle','middle','middle']\" data-voffset=\"['-44','-25','-16','-12']\" \n\t\t\t\t\t\tdata-fontsize=\"['65','80','82','47']\"\n\t\t\tdata-lineheight=\"['65','78','80','45']\"\n\t\t\tdata-width=\"['743','744','743','347']\"\n\t\t\tdata-height=\"['200','none','200','107']\"\n\t\t\tdata-whitespace=\"normal\"\n \n\t\t\tdata-type=\"text\" \n\t\t\tdata-basealign=\"slide\" \n\t\t\tdata-responsive_offset=\"off\" \n\t\t\tdata-responsive=\"off\"\n\t\t\tdata-frames='[{\"delay\":200,\"speed\":700,\"frame\":\"0\",\"from\":\"x:left;\",\"to\":\"o:1;\",\"ease\":\"Power3.easeOut\"},{\"delay\":\"wait\",\"speed\":300,\"frame\":\"999\",\"to\":\"opacity:0;\",\"ease\":\"Power3.easeInOut\"}]'\n\t\t\tdata-textAlign=\"['inherit','inherit','inherit','inherit']\"\n\t\t\tdata-paddingtop=\"[0,0,0,0]\"\n\t\t\tdata-paddingright=\"[0,0,0,0]\"\n\t\t\tdata-paddingbottom=\"[0,0,0,0]\"\n\t\t\tdata-paddingleft=\"[0,0,0,0]\"\n\n\t\t\tstyle=\"z-index: 6; min-width: 743px; max-width: 743px; max-width: 200px; max-width: 200px; white-space: normal; font-size: 65px; line-height: 65px; font-weight: 800; color: #ffcc00; letter-spacing: -1.5px;font-family:Montserrat;\">Matbaa Hizmetlerinde\nG\u00fc\u00e7l\u00fc & \u00d6nc\u00fc Marka <\/div>\n\t<\/li>\n<\/ul>\n<div class=\"tp-bannertimer tp-bottom\" style=\"visibility: hidden !important;\"><\/div>\t<\/div>\n<script>var htmlDiv = document.getElementById(\"rs-plugin-settings-inline-css\"); var htmlDivCss=\"\";\r\n\t\t\t\tif(htmlDiv) {\r\n\t\t\t\t\thtmlDiv.innerHTML = htmlDiv.innerHTML + htmlDivCss;\r\n\t\t\t\t}else{\r\n\t\t\t\t\tvar htmlDiv = document.createElement(\"div\");\r\n\t\t\t\t\thtmlDiv.innerHTML = \"<style>\" + htmlDivCss + \"<\/style>\";\r\n\t\t\t\t\tdocument.getElementsByTagName(\"head\")[0].appendChild(htmlDiv.childNodes[0]);\r\n\t\t\t\t}\r\n\t\t\t<\/script>\n\t\t<script type=\"text\/javascript\">\r\nif (setREVStartSize!==undefined) setREVStartSize(\r\n\t{c: '#rev_slider_1_1', responsiveLevels: [1240,1024,778,480], gridwidth: [1920,1441,850,480], gridheight: [937,768,960,720], sliderLayout: 'auto'});\r\n\t\t\t\r\nvar revapi1,\r\n\ttpj;\t\r\n(function() {\t\t\t\r\n\tif (!\/loaded|interactive|complete\/.test(document.readyState)) document.addEventListener(\"DOMContentLoaded\",onLoad); else onLoad();\t\r\n\tfunction onLoad() {\t\t\t\t\r\n\t\tif (tpj===undefined) { tpj = jQuery; if(\"off\" == \"on\") tpj.noConflict();}\r\n\tif(tpj(\"#rev_slider_1_1\").revolution == undefined){\n\t\trevslider_showDoubleJqueryError(\"#rev_slider_1_1\");\n\t}else{\n\t\trevapi1 = tpj(\"#rev_slider_1_1\").show().revolution({\n\t\t\tsliderType:\"standard\",\n\t\t\tjsFileLocation:\"\/\/koalabasim.com\/wp-content\/plugins\/revslider\/public\/assets\/js\/\",\n\t\t\tsliderLayout:\"auto\",\n\t\t\tdottedOverlay:\"none\",\n\t\t\tdelay:9000,\n\t\t\tnavigation: {\n\t\t\t\tonHoverStop:\"off\",\n\t\t\t},\n\t\t\tresponsiveLevels:[1240,1024,778,480],\n\t\t\tvisibilityLevels:[1240,1024,778,480],\n\t\t\tgridwidth:[1920,1441,850,480],\n\t\t\tgridheight:[937,768,960,720],\n\t\t\tlazyType:\"none\",\n\t\t\tshadow:0,\n\t\t\tspinner:\"off\",\n\t\t\tstopLoop:\"off\",\n\t\t\tstopAfterLoops:-1,\n\t\t\tstopAtSlide:-1,\n\t\t\tshuffle:\"off\",\n\t\t\tautoHeight:\"off\",\n\t\t\tdisableProgressBar:\"on\",\n\t\t\thideThumbsOnMobile:\"off\",\n\t\t\thideSliderAtLimit:0,\n\t\t\thideCaptionAtLimit:0,\n\t\t\thideAllCaptionAtLilmit:0,\n\t\t\tdebugMode:false,\n\t\t\tfallbacks: {\n\t\t\t\tsimplifyAll:\"off\",\n\t\t\t\tnextSlideOnWindowFocus:\"off\",\n\t\t\t\tdisableFocusListener:false,\n\t\t\t}\n\t\t});\n\t}; \/* END OF revapi call *\/\n\t\n }; \/* END OF ON LOAD FUNCTION *\/\r\n}()); \/* END OF WRAPPING FUNCTION *\/\r\n<\/script>\r\n\t\t<\/div><!-- END REVOLUTION SLIDER -->[\/vc_column][\/vc_row][vc_row css_animation=&#8221;&#8221; row_type=&#8221;row&#8221; use_row_as_full_screen_section=&#8221;no&#8221; type=&#8221;grid&#8221; angled_section=&#8221;no&#8221; text_align=&#8221;center&#8221; background_image_as_pattern=&#8221;without_pattern&#8221; z_index=&#8221;&#8221; css=&#8221;.vc_custom_1521465696294{padding-top: 150px !important;padding-bottom: 18px !important;}&#8221;][vc_column width=&#8221;1\/2&#8243; offset=&#8221;vc_col-lg-offset-0 vc_col-lg-3 vc_col-md-offset-0 vc_col-md-6 vc_col-sm-offset-0 vc_col-xs-12&#8243;]<div class='q_icon_with_title large custom_icon_image center '><div class=\"icon_holder \" style=\" \"><img itemprop=\"image\" style=\"\" src=\"https:\/\/koalabasim.com\/wp-content\/uploads\/2018\/03\/h1-img-2.png\" alt=\"\"><\/div><div class=\"icon_text_holder\" style=\"\"><div class=\"icon_text_inner\" style=\"\"><h2 class=\"icon_title\" style=\"\">Bask\u0131 Hizmetleri<\/h2><p style=''>\u0130htiya\u00e7lar\u0131n\u0131z do\u011frultusunda t\u00fcm bas\u0131l\u0131 \u00f6\u011felerinizi zaman\u0131nda teslim ediyoruz...<\/p><\/div><\/div><\/div>[vc_empty_space height=&#8221;50px&#8221;][\/vc_column][vc_column width=&#8221;1\/2&#8243; offset=&#8221;vc_col-lg-offset-0 vc_col-lg-3 vc_col-md-offset-0 vc_col-md-6 vc_col-sm-offset-0 vc_col-xs-12&#8243;]<div class='q_icon_with_title large custom_icon_image center '><div class=\"icon_holder \" style=\" \"><img itemprop=\"image\" style=\"\" src=\"https:\/\/koalabasim.com\/wp-content\/uploads\/2018\/03\/h1-img-1.png\" alt=\"\"><\/div><div class=\"icon_text_holder\" style=\"\"><div class=\"icon_text_inner\" style=\"\"><h2 class=\"icon_title\" style=\"\">Bir Telefon Yeter<\/h2><p style=''>Siz ihtiya\u00e7lar\u0131n\u0131z\u0131 belirleyin... Size bir telefon kadar uza\u011f\u0131z!<\/p><\/div><\/div><\/div>[vc_empty_space height=&#8221;50px&#8221;][\/vc_column][vc_column width=&#8221;1\/2&#8243; offset=&#8221;vc_col-lg-offset-0 vc_col-lg-3 vc_col-md-offset-0 vc_col-md-6 vc_col-sm-offset-0 vc_col-xs-12&#8243;]<div class='q_icon_with_title large custom_icon_image center '><div class=\"icon_holder \" style=\" \"><img itemprop=\"image\" style=\"\" src=\"https:\/\/koalabasim.com\/wp-content\/uploads\/2018\/03\/h1-img-3.png\" alt=\"\"><\/div><div class=\"icon_text_holder\" style=\"\"><div class=\"icon_text_inner\" style=\"\"><h2 class=\"icon_title\" style=\"\">Dijital \u00c7al\u0131\u015fmalar<\/h2><p style=''>Grafik tasar\u0131mdan, Web Sitesine kadar pek \u00e7ok hizmeti sizlere sunabiliyoruz...<\/p><\/div><\/div><\/div>[vc_empty_space height=&#8221;50px&#8221;][\/vc_column][vc_column width=&#8221;1\/2&#8243; offset=&#8221;vc_col-lg-offset-0 vc_col-lg-3 vc_col-md-offset-0 vc_col-md-6 vc_col-sm-offset-0 vc_col-xs-12&#8243;]<div class='q_icon_with_title large custom_icon_image center '><div class=\"icon_holder \" style=\" \"><img itemprop=\"image\" style=\"\" src=\"https:\/\/koalabasim.com\/wp-content\/uploads\/2018\/03\/h1-img-4.png\" alt=\"\"><\/div><div class=\"icon_text_holder\" style=\"\"><div class=\"icon_text_inner\" style=\"\"><h2 class=\"icon_title\" style=\"\">Kurumsal Kimlik<\/h2><p style=''>Firman\u0131z\u0131n t\u00fcm kurumsal kimlik \u00f6\u011felerini tasarl\u0131yor ve \u00fcretiyoruz...<\/p><\/div><\/div><\/div>[vc_empty_space height=&#8221;50px&#8221;][\/vc_column][\/vc_row][vc_row css_animation=&#8221;&#8221; row_type=&#8221;row&#8221; use_row_as_full_screen_section=&#8221;no&#8221; type=&#8221;full_width&#8221; angled_section=&#8221;no&#8221; text_align=&#8221;left&#8221; background_image_as_pattern=&#8221;without_pattern&#8221; z_index=&#8221;&#8221; css=&#8221;.vc_custom_1521470179231{padding-top: 36px !important;padding-bottom: 100px !important;background-image: url(http:\/\/bridge189.qodeinteractive.com\/wp-content\/uploads\/2018\/03\/h1-background-5.jpg?id=96) !important;}&#8221;][vc_column offset=&#8221;vc_col-lg-offset-0 vc_col-lg-12&#8243;][qode_elements_holder number_of_columns=&#8221;two_columns&#8221; switch_to_one_column=&#8221;1000&#8243;][qode_elements_holder_item advanced_animations=&#8221;no&#8221; item_padding=&#8221;63px 7% 0px 20%&#8221; item_padding_1280_1440=&#8221;63px 8% 0px 0%&#8221; item_padding_768_1024=&#8221;63px 8% 0px 0%&#8221; item_padding_600_768=&#8221;0px 12% 0px 12%&#8221; item_padding_480=&#8221;0px 12% 0px 12%&#8221;][vc_single_image image=&#8221;81&#8243; img_size=&#8221;full&#8221; style=&#8221;vc_box_shadow&#8221; qode_css_animation=&#8221;&#8221;][\/qode_elements_holder_item][qode_elements_holder_item advanced_animations=&#8221;no&#8221; item_padding=&#8221;51px 285px 0px 0px&#8221; item_padding_1280_1440=&#8221;53px 114px 0px 0px&#8221; item_padding_1024_1280=&#8221;53px 82px 0px 0px&#8221; item_padding_600_768=&#8221;29px 17% 39px 13%&#8221; item_padding_480=&#8221;35px 27px 39px 46px&#8221;][vc_column_text]<\/p>\n<h3>Hakk\u0131m\u0131zda<\/h3>\n<p>[\/vc_column_text][vc_column_text]<\/p>\n<h1>Neden Biz?<\/h1>\n<p>[\/vc_column_text][vc_empty_space height=&#8221;21px&#8221;][vc_column_text]T\u00fcrkiye&#8217;nin en se\u00e7kin kurulu\u015flar\u0131 tam 15 y\u0131ld\u0131r bizi tercih ediyor. H\u0131zl\u0131, ekonomik ve kaliteli hizmetlerimiz sayesinde portf\u00f6y\u00fcm\u00fcz her ge\u00e7en g\u00fcn geni\u015flemektedir.\u00a0 Antetli ka\u011f\u0131t, kartvizit, zarf, dosya gibi kurumsal kimlik \u00e7al\u0131\u015fmalar\u0131n\u0131zdan \u00f6zel el ilan\u0131, poster, katalog, karton po\u015fet gibi kaliteli ofset veya dijital bask\u0131 hizmetlerimizle de sizlere farkl\u0131 se\u00e7enekler sunuyoruz. Hayalinizdeki bask\u0131 kalitesine h\u0131zl\u0131, sorunsuz ve tam istedi\u011finiz gibi b\u00fct\u00fcn ihtiya\u00e7lara tek \u00e7at\u0131 alt\u0131nda cevap veriyoruz.[\/vc_column_text][vc_empty_space height=&#8221;35px&#8221;][\/qode_elements_holder_item][\/qode_elements_holder][\/vc_column][\/vc_row][vc_row css_animation=&#8221;&#8221; row_type=&#8221;row&#8221; use_row_as_full_screen_section=&#8221;no&#8221; type=&#8221;full_width&#8221; angled_section=&#8221;no&#8221; text_align=&#8221;left&#8221; background_image_as_pattern=&#8221;without_pattern&#8221; css=&#8221;.vc_custom_1521539055107{padding-top: 45px !important;}&#8221; z_index=&#8221;&#8221;][vc_column offset=&#8221;vc_hidden-md vc_hidden-sm&#8221;][\/vc_column][\/vc_row][vc_row css_animation=&#8221;&#8221; row_type=&#8221;row&#8221; use_row_as_full_screen_section=&#8221;no&#8221; type=&#8221;grid&#8221; angled_section=&#8221;no&#8221; text_align=&#8221;left&#8221; background_image_as_pattern=&#8221;without_pattern&#8221; css=&#8221;.vc_custom_1521639515485{padding-top: 142px !important;padding-bottom: 142px !important;background-image: url(http:\/\/bridge189.qodeinteractive.com\/wp-content\/uploads\/2018\/03\/services-background-5.jpg?id=241) !important;}&#8221; z_index=&#8221;&#8221;][vc_column width=&#8221;1\/2&#8243; offset=&#8221;vc_col-lg-offset-0 vc_col-lg-6 vc_col-md-offset-0 vc_col-md-12 vc_col-sm-offset-0 vc_col-xs-12&#8243;][qode_elements_holder number_of_columns=&#8221;one_column&#8221;][qode_elements_holder_item advanced_animations=&#8221;no&#8221; item_padding=&#8221;49px 0px 0px 59px&#8221; item_padding_1280_1440=&#8221;27px 0px 0px 0px&#8221; item_padding_1024_1280=&#8221;11px 0px 0px 28px&#8221; item_padding_768_1024=&#8221;11px 39px 55px 2px&#8221; item_padding_600_768=&#8221;11px 16px 55px 74px&#8221; item_padding_480=&#8221;26px 0px 59px 37px&#8221;][vc_column_text]<\/p>\n<h3>Dijital Medya Hizmetleri<\/h3>\n<p>[\/vc_column_text][vc_column_text]<\/p>\n<h1>Di\u011fer Hizmetlerimiz<\/h1>\n<p>[\/vc_column_text][vc_empty_space height=&#8221;21px&#8221;][vc_column_text]\u0130htiya\u00e7 duydu\u011funuz web sitesini sizler i\u00e7in projelendiriyor ve en k\u0131sa s\u00fcrede hizmete sunuyoruz. \u0130htiya\u00e7lar\u0131n\u0131z do\u011frultusunda firman\u0131z\u0131 ve markan\u0131z\u0131, internet \u00fczerinde tan\u0131tman\u0131z, marka bilinirli\u011finizi artt\u0131rman\u0131z i\u00e7in t\u00fcm dijital pazarlama ve reklam hizmetlerinden faydalanman\u0131z\u0131 sa\u011fl\u0131yoruz. Sosyal Medya hesaplar\u0131n\u0131z\u0131 y\u00f6netiyor, SEO deste\u011fi ile sitenizi arama motorlar\u0131nda \u00fcst s\u0131ralara yerle\u015ftiriyoruz.[\/vc_column_text][vc_empty_space height=&#8221;35px&#8221;][\/qode_elements_holder_item][\/qode_elements_holder][\/vc_column][vc_column width=&#8221;1\/2&#8243; offset=&#8221;vc_col-lg-offset-0 vc_col-lg-6 vc_col-md-offset-0 vc_col-md-12 vc_col-sm-offset-0 vc_col-xs-12&#8243;][qode_elements_holder number_of_columns=&#8221;two_columns&#8221; switch_to_one_column=&#8221;600&#8243;][qode_elements_holder_item advanced_animations=&#8221;no&#8221; item_padding=&#8221;0px 9px 0px 17px&#8221; item_padding_1280_1440=&#8221;0px 22px 0px 0px&#8221; item_padding_768_1024=&#8221;0px 20px 0px 0px&#8221; item_padding_600_768=&#8221;0px 20px 0px 0px&#8221; item_padding_480=&#8221;0px 6px 30px 6px&#8221;][vc_single_image image=&#8221;62&#8243; img_size=&#8221;full&#8221; style=&#8221;vc_box_shadow&#8221; qode_css_animation=&#8221;&#8221;][vc_empty_space height=&#8221;30px&#8221;][vc_single_image image=&#8221;63&#8243; img_size=&#8221;full&#8221; style=&#8221;vc_box_shadow&#8221; qode_css_animation=&#8221;&#8221;][\/qode_elements_holder_item][qode_elements_holder_item advanced_animations=&#8221;no&#8221; item_padding=&#8221;0px 0px 0px 25px&#8221; item_padding_1280_1440=&#8221;0px 8px 0px 11px&#8221; item_padding_768_1024=&#8221;0px 10px 0px 10px&#8221; item_padding_600_768=&#8221;0px 10px 0px 10px&#8221; item_padding_480=&#8221;0px 5px 0px 7px&#8221;][vc_single_image image=&#8221;64&#8243; img_size=&#8221;full&#8221; style=&#8221;vc_box_shadow&#8221; qode_css_animation=&#8221;&#8221;][vc_empty_space height=&#8221;30px&#8221;][vc_single_image image=&#8221;65&#8243; img_size=&#8221;full&#8221; style=&#8221;vc_box_shadow&#8221; qode_css_animation=&#8221;&#8221;][\/qode_elements_holder_item][\/qode_elements_holder][\/vc_column][\/vc_row][vc_row css_animation=&#8221;&#8221; row_type=&#8221;row&#8221; use_row_as_full_screen_section=&#8221;no&#8221; type=&#8221;full_width&#8221; angled_section=&#8221;no&#8221; text_align=&#8221;left&#8221; background_image_as_pattern=&#8221;without_pattern&#8221; css=&#8221;.vc_custom_1521539072682{padding-top: 62px !important;}&#8221; z_index=&#8221;&#8221;][vc_column offset=&#8221;vc_hidden-md vc_hidden-sm&#8221;][\/vc_column][\/vc_row]<\/p>\n","protected":false},"excerpt":{"rendered":"<p>[vc_row css_animation=&#8221;&#8221; row_type=&#8221;row&#8221; use_row_as_full_screen_section=&#8221;no&#8221; type=&#8221;full_width&#8221; angled_section=&#8221;no&#8221; text_align=&#8221;left&#8221; background_image_as_pattern=&#8221;without_pattern&#8221;][vc_column][\/vc_column][\/vc_row][vc_row css_animation=&#8221;&#8221; row_type=&#8221;row&#8221; use_row_as_full_screen_section=&#8221;no&#8221; type=&#8221;grid&#8221; angled_section=&#8221;no&#8221; text_align=&#8221;center&#8221; background_image_as_pattern=&#8221;without_pattern&#8221; z_index=&#8221;&#8221; css=&#8221;.vc_custom_1521465696294{padding-top: 150px !important;padding-bottom: 18px !important;}&#8221;][vc_column width=&#8221;1\/2&#8243; offset=&#8221;vc_col-lg-offset-0 vc_col-lg-3 vc_col-md-offset-0 vc_col-md-6 vc_col-sm-offset-0 vc_col-xs-12&#8243;][vc_empty_space height=&#8221;50px&#8221;][\/vc_column][vc_column width=&#8221;1\/2&#8243; offset=&#8221;vc_col-lg-offset-0 vc_col-lg-3 vc_col-md-offset-0 vc_col-md-6 vc_col-sm-offset-0 vc_col-xs-12&#8243;][vc_empty_space height=&#8221;50px&#8221;][\/vc_column][vc_column width=&#8221;1\/2&#8243; offset=&#8221;vc_col-lg-offset-0 vc_col-lg-3 vc_col-md-offset-0 vc_col-md-6 vc_col-sm-offset-0 vc_col-xs-12&#8243;][vc_empty_space height=&#8221;50px&#8221;][\/vc_column][vc_column&#8230;<\/p>\n","protected":false},"author":1,"featured_media":0,"parent":0,"menu_order":0,"comment_status":"closed","ping_status":"closed","template":"full_width.php","meta":[],"yoast_head":"<!-- This site is optimized with the Yoast SEO plugin v16.3 - https:\/\/yoast.com\/wordpress\/plugins\/seo\/ -->\n<title>Ana Sayfa - Koala Bas\u0131m Matbaa Reklam Hizmetleri<\/title>\n<meta name=\"robots\" content=\"index, follow, max-snippet:-1, max-image-preview:large, max-video-preview:-1\" \/>\n<link rel=\"canonical\" href=\"https:\/\/koalabasim.com\/\" \/>\n<meta property=\"og:locale\" content=\"tr_TR\" \/>\n<meta property=\"og:type\" content=\"article\" \/>\n<meta property=\"og:title\" content=\"Ana Sayfa - Koala Bas\u0131m Matbaa Reklam Hizmetleri\" \/>\n<meta property=\"og:description\" content=\"[vc_row css_animation=&#8221;&#8221; row_type=&#8221;row&#8221; use_row_as_full_screen_section=&#8221;no&#8221; type=&#8221;full_width&#8221; angled_section=&#8221;no&#8221; text_align=&#8221;left&#8221; background_image_as_pattern=&#8221;without_pattern&#8221;][vc_column][\/vc_column][\/vc_row][vc_row css_animation=&#8221;&#8221; row_type=&#8221;row&#8221; use_row_as_full_screen_section=&#8221;no&#8221; type=&#8221;grid&#8221; angled_section=&#8221;no&#8221; text_align=&#8221;center&#8221; background_image_as_pattern=&#8221;without_pattern&#8221; z_index=&#8221;&#8221; css=&#8221;.vc_custom_1521465696294{padding-top: 150px !important;padding-bottom: 18px !important;}&#8221;][vc_column width=&#8221;1\/2&#8243; offset=&#8221;vc_col-lg-offset-0 vc_col-lg-3 vc_col-md-offset-0 vc_col-md-6 vc_col-sm-offset-0 vc_col-xs-12&#8243;][vc_empty_space height=&#8221;50px&#8221;][\/vc_column][vc_column width=&#8221;1\/2&#8243; offset=&#8221;vc_col-lg-offset-0 vc_col-lg-3 vc_col-md-offset-0 vc_col-md-6 vc_col-sm-offset-0 vc_col-xs-12&#8243;][vc_empty_space height=&#8221;50px&#8221;][\/vc_column][vc_column width=&#8221;1\/2&#8243; offset=&#8221;vc_col-lg-offset-0 vc_col-lg-3 vc_col-md-offset-0 vc_col-md-6 vc_col-sm-offset-0 vc_col-xs-12&#8243;][vc_empty_space height=&#8221;50px&#8221;][\/vc_column][vc_column...\" \/>\n<meta property=\"og:url\" content=\"https:\/\/koalabasim.com\/\" \/>\n<meta property=\"og:site_name\" content=\"Koala Bas\u0131m Matbaa Reklam Hizmetleri\" \/>\n<meta property=\"article:modified_time\" content=\"2021-05-21T14:17:46+00:00\" \/>\n<meta name=\"twitter:card\" content=\"summary_large_image\" \/>\n<meta name=\"twitter:label1\" content=\"Tahmini okuma s\u00fcresi\">\n\t<meta name=\"twitter:data1\" content=\"6 dakika\">\n<script type=\"application\/ld+json\" class=\"yoast-schema-graph\">{\"@context\":\"https:\/\/schema.org\",\"@graph\":[{\"@type\":\"Organization\",\"@id\":\"https:\/\/koalabasim.com\/#organization\",\"name\":\"Koala Bas\\u0131m\",\"url\":\"https:\/\/koalabasim.com\/\",\"sameAs\":[],\"logo\":{\"@type\":\"ImageObject\",\"@id\":\"https:\/\/koalabasim.com\/#logo\",\"inLanguage\":\"tr\",\"url\":\"http:\/\/koalabasim.com\/wp-content\/uploads\/2021\/05\/logo.png\",\"contentUrl\":\"http:\/\/koalabasim.com\/wp-content\/uploads\/2021\/05\/logo.png\",\"width\":500,\"height\":376,\"caption\":\"Koala Bas\\u0131m\"},\"image\":{\"@id\":\"https:\/\/koalabasim.com\/#logo\"}},{\"@type\":\"WebSite\",\"@id\":\"https:\/\/koalabasim.com\/#website\",\"url\":\"https:\/\/koalabasim.com\/\",\"name\":\"Koala Bas\\u0131m Matbaa Reklam Hizmetleri\",\"description\":\"Koala Bas\\u0131m Matbaa Reklam Hizmetleri\",\"publisher\":{\"@id\":\"https:\/\/koalabasim.com\/#organization\"},\"potentialAction\":[{\"@type\":\"SearchAction\",\"target\":\"https:\/\/koalabasim.com\/?s={search_term_string}\",\"query-input\":\"required name=search_term_string\"}],\"inLanguage\":\"tr\"},{\"@type\":\"WebPage\",\"@id\":\"https:\/\/koalabasim.com\/#webpage\",\"url\":\"https:\/\/koalabasim.com\/\",\"name\":\"Ana Sayfa - Koala Bas\\u0131m Matbaa Reklam Hizmetleri\",\"isPartOf\":{\"@id\":\"https:\/\/koalabasim.com\/#website\"},\"datePublished\":\"2018-03-19T09:19:52+00:00\",\"dateModified\":\"2021-05-21T14:17:46+00:00\",\"breadcrumb\":{\"@id\":\"https:\/\/koalabasim.com\/#breadcrumb\"},\"inLanguage\":\"tr\",\"potentialAction\":[{\"@type\":\"ReadAction\",\"target\":[\"https:\/\/koalabasim.com\/\"]}]},{\"@type\":\"BreadcrumbList\",\"@id\":\"https:\/\/koalabasim.com\/#breadcrumb\",\"itemListElement\":[{\"@type\":\"ListItem\",\"position\":1,\"item\":{\"@type\":\"WebPage\",\"@id\":\"https:\/\/koalabasim.com\/\",\"url\":\"https:\/\/koalabasim.com\/\",\"name\":\"Anasayfa\"}},{\"@type\":\"ListItem\",\"position\":2,\"item\":{\"@id\":\"https:\/\/koalabasim.com\/#webpage\"}}]}]}<\/script>\n<!-- \/ Yoast SEO plugin. -->","_links":{"self":[{"href":"https:\/\/koalabasim.com\/index.php?rest_route=\/wp\/v2\/pages\/5"}],"collection":[{"href":"https:\/\/koalabasim.com\/index.php?rest_route=\/wp\/v2\/pages"}],"about":[{"href":"https:\/\/koalabasim.com\/index.php?rest_route=\/wp\/v2\/types\/page"}],"author":[{"embeddable":true,"href":"https:\/\/koalabasim.com\/index.php?rest_route=\/wp\/v2\/users\/1"}],"replies":[{"embeddable":true,"href":"https:\/\/koalabasim.com\/index.php?rest_route=%2Fwp%2Fv2%2Fcomments&post=5"}],"version-history":[{"count":4,"href":"https:\/\/koalabasim.com\/index.php?rest_route=\/wp\/v2\/pages\/5\/revisions"}],"predecessor-version":[{"id":327,"href":"https:\/\/koalabasim.com\/index.php?rest_route=\/wp\/v2\/pages\/5\/revisions\/327"}],"wp:attachment":[{"href":"https:\/\/koalabasim.com\/index.php?rest_route=%2Fwp%2Fv2%2Fmedia&parent=5"}],"curies":[{"name":"wp","href":"https:\/\/api.w.org\/{rel}","templated":true}]}}