{"id":262,"date":"2018-03-20T15:31:47","date_gmt":"2018-03-20T15:31:47","guid":{"rendered":"http:\/\/bridge189.qodeinteractive.com\/?page_id=262"},"modified":"2022-01-31T12:27:18","modified_gmt":"2022-01-31T12:27:18","slug":"contact","status":"publish","type":"page","link":"https:\/\/koalabasim.com\/?page_id=262","title":{"rendered":"Bize Ula\u015f\u0131n"},"content":{"rendered":"<p>[vc_row css_animation=&#8221;&#8221; row_type=&#8221;row&#8221; use_row_as_full_screen_section=&#8221;no&#8221; type=&#8221;grid&#8221; angled_section=&#8221;no&#8221; text_align=&#8221;left&#8221; background_image_as_pattern=&#8221;without_pattern&#8221; css=&#8221;.vc_custom_1521630732804{padding-top: 142px !important;padding-bottom: 108px !important;}&#8221; z_index=&#8221;&#8221;][vc_column offset=&#8221;vc_col-lg-offset-0 vc_col-lg-5 vc_col-md-offset-0 vc_col-md-12 vc_col-sm-offset-0 vc_col-xs-12&#8243; css=&#8221;.vc_custom_1521557846106{margin-left: -5.5% !important;}&#8221;][qode_elements_holder number_of_columns=&#8221;one_column&#8221;][qode_elements_holder_item advanced_animations=&#8221;no&#8221; item_padding=&#8221;49px 0px 0px 0px&#8221; item_padding_1280_1440=&#8221;27px 0px 0px 0px&#8221; item_padding_1024_1280=&#8221;11px 0px 0px 28px&#8221; item_padding_768_1024=&#8221;11px 39px 55px 56px&#8221; item_padding_600_768=&#8221;11px 59px 55px 38px&#8221; item_padding_480=&#8221;0px 0px 59px 20px&#8221;][vc_column_text]<\/p>\n<h1 style=\"text-align: right;\">\u0130leti\u015fim<\/h1>\n<p>[\/vc_column_text][vc_empty_space height=&#8221;21px&#8221;]<div class='q_icon_with_title tiny normal_icon '><div class=\"icon_holder \" style=\" \"><span data-icon-type=\"normal\"   style=\"\" class=\"qode_iwt_icon_holder q_font_awsome_icon fa-lg  \"><i class=\"qode_icon_font_awesome fa fa-user-o qode_iwt_icon_element\" style=\"color: #826cbe;\" ><\/i><\/span><\/div><div class=\"icon_text_holder\" style=\"\"><div class=\"icon_text_inner\" style=\"\"><h5 class=\"icon_title\" style=\"\"><\/h5><p style=''>Maslak Mah. Ahi Evran Cad. Nazmi Akbac\u0131 \u0130\u015f Merkezi no:5\/17 Maslak SARIYER \/ \u0130STANBUL<\/p><\/div><\/div><\/div><div class='q_icon_with_title tiny normal_icon '><div class=\"icon_holder \" style=\" \"><span data-icon-type=\"normal\"   style=\"\" class=\"qode_iwt_icon_holder q_font_awsome_icon fa-lg  \"><i class=\"qode_icon_font_awesome fa fa-envelope-o qode_iwt_icon_element\" style=\"color: #ffaf40;\" ><\/i><\/span><\/div><div class=\"icon_text_holder\" style=\"\"><div class=\"icon_text_inner\" style=\"\"><h5 class=\"icon_title\" style=\"\"><\/h5><p style=''>huseyin@koalabasim.com<\/p><\/div><\/div><\/div><div class='q_icon_with_title tiny normal_icon '><div class=\"icon_holder \" style=\" \"><span data-icon-type=\"normal\"   style=\"\" class=\"qode_iwt_icon_holder q_font_awsome_icon fa-lg  \"><i class=\"qode_icon_font_awesome fa fa-phone qode_iwt_icon_element\" style=\"color: #f46d57;\" ><\/i><\/span><\/div><div class=\"icon_text_holder\" style=\"\"><div class=\"icon_text_inner\" style=\"\"><h5 class=\"icon_title\" style=\"\"><\/h5><p style=''>+90 536 733 46 88<\/p><\/div><\/div><\/div>[\/qode_elements_holder_item][\/qode_elements_holder][\/vc_column][vc_column offset=&#8221;vc_col-lg-offset-0 vc_col-lg-7 vc_col-md-offset-0 vc_col-md-12 vc_col-sm-offset-0 vc_col-xs-12&#8243;][vc_column_text]<div role=\"form\" class=\"wpcf7\" id=\"wpcf7-f331-o1\" lang=\"tr-TR\" dir=\"ltr\">\n<div class=\"screen-reader-response\"><p role=\"status\" aria-live=\"polite\" aria-atomic=\"true\"><\/p> <ul><\/ul><\/div>\n<form action=\"\/index.php?rest_route=%2Fwp%2Fv2%2Fpages%2F262#wpcf7-f331-o1\" method=\"post\" class=\"wpcf7-form init\" novalidate=\"novalidate\" data-status=\"init\">\n<div style=\"display: none;\">\n<input type=\"hidden\" name=\"_wpcf7\" value=\"331\" \/>\n<input type=\"hidden\" name=\"_wpcf7_version\" value=\"5.4.1\" \/>\n<input type=\"hidden\" name=\"_wpcf7_locale\" value=\"tr_TR\" \/>\n<input type=\"hidden\" name=\"_wpcf7_unit_tag\" value=\"wpcf7-f331-o1\" \/>\n<input type=\"hidden\" name=\"_wpcf7_container_post\" value=\"0\" \/>\n<input type=\"hidden\" name=\"_wpcf7_posted_data_hash\" value=\"\" \/>\n<\/div>\n<p><label> Ad\u0131n\u0131z<br \/>\n    <span class=\"wpcf7-form-control-wrap your-name\"><input type=\"text\" name=\"your-name\" value=\"\" size=\"40\" class=\"wpcf7-form-control wpcf7-text wpcf7-validates-as-required\" aria-required=\"true\" aria-invalid=\"false\" \/><\/span> <\/label><\/p>\n<p><label> E-posta adresiniz<br \/>\n    <span class=\"wpcf7-form-control-wrap your-email\"><input type=\"email\" name=\"your-email\" value=\"\" size=\"40\" class=\"wpcf7-form-control wpcf7-text wpcf7-email wpcf7-validates-as-required wpcf7-validates-as-email\" aria-required=\"true\" aria-invalid=\"false\" \/><\/span> <\/label><\/p>\n<p><label> Konu<br \/>\n    <span class=\"wpcf7-form-control-wrap your-subject\"><input type=\"text\" name=\"your-subject\" value=\"\" size=\"40\" class=\"wpcf7-form-control wpcf7-text wpcf7-validates-as-required\" aria-required=\"true\" aria-invalid=\"false\" \/><\/span> <\/label><\/p>\n<p><label> \u0130letiniz (tercihe ba\u011fl\u0131)<br \/>\n    <span class=\"wpcf7-form-control-wrap your-message\"><textarea name=\"your-message\" cols=\"40\" rows=\"10\" class=\"wpcf7-form-control wpcf7-textarea\" aria-invalid=\"false\"><\/textarea><\/span> <\/label><\/p>\n<p><input type=\"submit\" value=\"G\u00f6nder\" class=\"wpcf7-form-control wpcf7-submit\" \/><\/p>\n<p style=\"display: none !important;\"><label>&#916;<textarea name=\"_wpcf7_ak_hp_textarea\" cols=\"45\" rows=\"8\" maxlength=\"100\"><\/textarea><\/label><input type=\"hidden\" id=\"ak_js_1\" name=\"_wpcf7_ak_js\" value=\"226\"\/><script>document.getElementById( \"ak_js_1\" ).setAttribute( \"value\", ( new Date() ).getTime() );<\/script><\/p><div class=\"wpcf7-response-output\" aria-hidden=\"true\"><\/div><\/form><\/div>[\/vc_column_text][\/vc_column][\/vc_row]<\/p>\n","protected":false},"excerpt":{"rendered":"<p>[vc_row css_animation=&#8221;&#8221; row_type=&#8221;row&#8221; use_row_as_full_screen_section=&#8221;no&#8221; type=&#8221;grid&#8221; angled_section=&#8221;no&#8221; text_align=&#8221;left&#8221; background_image_as_pattern=&#8221;without_pattern&#8221; css=&#8221;.vc_custom_1521630732804{padding-top: 142px !important;padding-bottom: 108px !important;}&#8221; z_index=&#8221;&#8221;][vc_column offset=&#8221;vc_col-lg-offset-0 vc_col-lg-5 vc_col-md-offset-0 vc_col-md-12 vc_col-sm-offset-0 vc_col-xs-12&#8243; css=&#8221;.vc_custom_1521557846106{margin-left: -5.5% !important;}&#8221;][qode_elements_holder number_of_columns=&#8221;one_column&#8221;][qode_elements_holder_item advanced_animations=&#8221;no&#8221; item_padding=&#8221;49px 0px 0px 0px&#8221; item_padding_1280_1440=&#8221;27px 0px 0px 0px&#8221; item_padding_1024_1280=&#8221;11px 0px 0px 28px&#8221; item_padding_768_1024=&#8221;11px 39px 55px 56px&#8221; item_padding_600_768=&#8221;11px 59px 55px 38px&#8221;&#8230;<\/p>\n","protected":false},"author":1,"featured_media":0,"parent":0,"menu_order":0,"comment_status":"closed","ping_status":"closed","template":"full_width.php","meta":[],"yoast_head":"<!-- This site is optimized with the Yoast SEO plugin v16.3 - https:\/\/yoast.com\/wordpress\/plugins\/seo\/ -->\n<title>Bize Ula\u015f\u0131n - Koala Bas\u0131m Matbaa Reklam Hizmetleri<\/title>\n<meta name=\"robots\" content=\"index, follow, max-snippet:-1, max-image-preview:large, max-video-preview:-1\" \/>\n<link rel=\"canonical\" href=\"https:\/\/koalabasim.com\/?page_id=262\" \/>\n<meta property=\"og:locale\" content=\"tr_TR\" \/>\n<meta property=\"og:type\" content=\"article\" \/>\n<meta property=\"og:title\" content=\"Bize Ula\u015f\u0131n - Koala Bas\u0131m Matbaa Reklam Hizmetleri\" \/>\n<meta property=\"og:description\" content=\"[vc_row css_animation=&#8221;&#8221; row_type=&#8221;row&#8221; use_row_as_full_screen_section=&#8221;no&#8221; type=&#8221;grid&#8221; angled_section=&#8221;no&#8221; text_align=&#8221;left&#8221; background_image_as_pattern=&#8221;without_pattern&#8221; css=&#8221;.vc_custom_1521630732804{padding-top: 142px !important;padding-bottom: 108px !important;}&#8221; z_index=&#8221;&#8221;][vc_column offset=&#8221;vc_col-lg-offset-0 vc_col-lg-5 vc_col-md-offset-0 vc_col-md-12 vc_col-sm-offset-0 vc_col-xs-12&#8243; css=&#8221;.vc_custom_1521557846106{margin-left: -5.5% !important;}&#8221;][qode_elements_holder number_of_columns=&#8221;one_column&#8221;][qode_elements_holder_item advanced_animations=&#8221;no&#8221; item_padding=&#8221;49px 0px 0px 0px&#8221; item_padding_1280_1440=&#8221;27px 0px 0px 0px&#8221; item_padding_1024_1280=&#8221;11px 0px 0px 28px&#8221; item_padding_768_1024=&#8221;11px 39px 55px 56px&#8221; item_padding_600_768=&#8221;11px 59px 55px 38px&#8221;...\" \/>\n<meta property=\"og:url\" content=\"https:\/\/koalabasim.com\/?page_id=262\" \/>\n<meta property=\"og:site_name\" content=\"Koala Bas\u0131m Matbaa Reklam Hizmetleri\" \/>\n<meta property=\"article:modified_time\" content=\"2022-01-31T12:27:18+00:00\" \/>\n<meta name=\"twitter:card\" content=\"summary_large_image\" \/>\n<meta name=\"twitter:label1\" content=\"Tahmini okuma s\u00fcresi\">\n\t<meta name=\"twitter:data1\" content=\"1 dakika\">\n<script type=\"application\/ld+json\" class=\"yoast-schema-graph\">{\"@context\":\"https:\/\/schema.org\",\"@graph\":[{\"@type\":\"Organization\",\"@id\":\"https:\/\/koalabasim.com\/#organization\",\"name\":\"Koala Bas\\u0131m\",\"url\":\"https:\/\/koalabasim.com\/\",\"sameAs\":[],\"logo\":{\"@type\":\"ImageObject\",\"@id\":\"https:\/\/koalabasim.com\/#logo\",\"inLanguage\":\"tr\",\"url\":\"http:\/\/koalabasim.com\/wp-content\/uploads\/2021\/05\/logo.png\",\"contentUrl\":\"http:\/\/koalabasim.com\/wp-content\/uploads\/2021\/05\/logo.png\",\"width\":500,\"height\":376,\"caption\":\"Koala Bas\\u0131m\"},\"image\":{\"@id\":\"https:\/\/koalabasim.com\/#logo\"}},{\"@type\":\"WebSite\",\"@id\":\"https:\/\/koalabasim.com\/#website\",\"url\":\"https:\/\/koalabasim.com\/\",\"name\":\"Koala Bas\\u0131m Matbaa Reklam Hizmetleri\",\"description\":\"Koala Bas\\u0131m Matbaa Reklam Hizmetleri\",\"publisher\":{\"@id\":\"https:\/\/koalabasim.com\/#organization\"},\"potentialAction\":[{\"@type\":\"SearchAction\",\"target\":\"https:\/\/koalabasim.com\/?s={search_term_string}\",\"query-input\":\"required name=search_term_string\"}],\"inLanguage\":\"tr\"},{\"@type\":\"WebPage\",\"@id\":\"https:\/\/koalabasim.com\/?page_id=262#webpage\",\"url\":\"https:\/\/koalabasim.com\/?page_id=262\",\"name\":\"Bize Ula\\u015f\\u0131n - Koala Bas\\u0131m Matbaa Reklam Hizmetleri\",\"isPartOf\":{\"@id\":\"https:\/\/koalabasim.com\/#website\"},\"datePublished\":\"2018-03-20T15:31:47+00:00\",\"dateModified\":\"2022-01-31T12:27:18+00:00\",\"breadcrumb\":{\"@id\":\"https:\/\/koalabasim.com\/?page_id=262#breadcrumb\"},\"inLanguage\":\"tr\",\"potentialAction\":[{\"@type\":\"ReadAction\",\"target\":[\"https:\/\/koalabasim.com\/?page_id=262\"]}]},{\"@type\":\"BreadcrumbList\",\"@id\":\"https:\/\/koalabasim.com\/?page_id=262#breadcrumb\",\"itemListElement\":[{\"@type\":\"ListItem\",\"position\":1,\"item\":{\"@type\":\"WebPage\",\"@id\":\"https:\/\/koalabasim.com\/\",\"url\":\"https:\/\/koalabasim.com\/\",\"name\":\"Anasayfa\"}},{\"@type\":\"ListItem\",\"position\":2,\"item\":{\"@id\":\"https:\/\/koalabasim.com\/?page_id=262#webpage\"}}]}]}<\/script>\n<!-- \/ Yoast SEO plugin. -->","_links":{"self":[{"href":"https:\/\/koalabasim.com\/index.php?rest_route=\/wp\/v2\/pages\/262"}],"collection":[{"href":"https:\/\/koalabasim.com\/index.php?rest_route=\/wp\/v2\/pages"}],"about":[{"href":"https:\/\/koalabasim.com\/index.php?rest_route=\/wp\/v2\/types\/page"}],"author":[{"embeddable":true,"href":"https:\/\/koalabasim.com\/index.php?rest_route=\/wp\/v2\/users\/1"}],"replies":[{"embeddable":true,"href":"https:\/\/koalabasim.com\/index.php?rest_route=%2Fwp%2Fv2%2Fcomments&post=262"}],"version-history":[{"count":3,"href":"https:\/\/koalabasim.com\/index.php?rest_route=\/wp\/v2\/pages\/262\/revisions"}],"predecessor-version":[{"id":339,"href":"https:\/\/koalabasim.com\/index.php?rest_route=\/wp\/v2\/pages\/262\/revisions\/339"}],"wp:attachment":[{"href":"https:\/\/koalabasim.com\/index.php?rest_route=%2Fwp%2Fv2%2Fmedia&parent=262"}],"curies":[{"name":"wp","href":"https:\/\/api.w.org\/{rel}","templated":true}]}}