{"id":252,"date":"2018-03-20T15:09:22","date_gmt":"2018-03-20T15:09:22","guid":{"rendered":"http:\/\/bridge189.qodeinteractive.com\/?page_id=252"},"modified":"2021-05-21T14:40:01","modified_gmt":"2021-05-21T14:40:01","slug":"about-us","status":"publish","type":"page","link":"https:\/\/koalabasim.com\/?page_id=252","title":{"rendered":"Hakk\u0131m\u0131zda"},"content":{"rendered":"<p>[vc_row css_animation=&#8221;&#8221; row_type=&#8221;row&#8221; use_row_as_full_screen_section=&#8221;no&#8221; type=&#8221;full_width&#8221; angled_section=&#8221;no&#8221; text_align=&#8221;left&#8221; background_image_as_pattern=&#8221;without_pattern&#8221; css=&#8221;.vc_custom_1521559721810{padding-top: 112px !important;}&#8221; z_index=&#8221;&#8221;][vc_column offset=&#8221;vc_hidden-md vc_hidden-sm&#8221;][\/vc_column][\/vc_row][vc_row css_animation=&#8221;&#8221; row_type=&#8221;row&#8221; use_row_as_full_screen_section=&#8221;no&#8221; type=&#8221;full_width&#8221; angled_section=&#8221;no&#8221; text_align=&#8221;left&#8221; background_image_as_pattern=&#8221;without_pattern&#8221; z_index=&#8221;&#8221; css=&#8221;.vc_custom_1521470179231{padding-top: 36px !important;padding-bottom: 100px !important;background-image: url(http:\/\/bridge189.qodeinteractive.com\/wp-content\/uploads\/2018\/03\/h1-background-5.jpg?id=96) !important;}&#8221;][vc_column offset=&#8221;vc_col-lg-offset-0 vc_col-lg-12&#8243;][qode_elements_holder number_of_columns=&#8221;two_columns&#8221; switch_to_one_column=&#8221;1000&#8243;][qode_elements_holder_item advanced_animations=&#8221;no&#8221; item_padding=&#8221;63px 4% 0px 20%&#8221; item_padding_1280_1440=&#8221;63px 8% 0px 0%&#8221; item_padding_768_1024=&#8221;63px 8% 0px 0%&#8221; item_padding_600_768=&#8221;0px 12% 0px 12%&#8221; item_padding_480=&#8221;0px 12% 0px 12%&#8221;][vc_single_image image=&#8221;81&#8243; img_size=&#8221;full&#8221; style=&#8221;vc_box_shadow&#8221; qode_css_animation=&#8221;&#8221;][\/qode_elements_holder_item][qode_elements_holder_item advanced_animations=&#8221;no&#8221; item_padding=&#8221;0px 285px 26px 19px&#8221; item_padding_1280_1440=&#8221;53px 114px 0px 0px&#8221; item_padding_1024_1280=&#8221;53px 82px 0px 0px&#8221; item_padding_600_768=&#8221;29px 17% 39px 13%&#8221; item_padding_480=&#8221;35px 27px 39px 46px&#8221;][vc_column_text]<\/p>\n<h3>B\u0130Z K\u0130M\u0130Z?<\/h3>\n<p>[\/vc_column_text][vc_empty_space height=&#8221;21px&#8221;][vc_column_text]<strong>Firmam\u0131z kuruldu\u011fu g\u00fcnden itibaren her ge\u00e7en g\u00fcn artan bir g\u00fcven ve heyecanla hizmetlerine aral\u0131ks\u0131z devam etmektedir.<\/strong><\/p>\n<p>15 y\u0131ld\u0131r t\u00fcm T\u00fcrkiye geneline hizmet veren firmam\u0131z, ofset ve dijital bask\u0131 teknolojisinin t\u00fcm yeniliklerini aya\u011f\u0131n\u0131za getiriyor. \u0130htiya\u00e7 duydu\u011funuz t\u00fcm bas\u0131l\u0131 \u00e7al\u0131\u015fmalar\u0131n\u0131zda sizlere A&#8217;dan Z&#8217;ye hizmet verebilmenin gururunu ya\u015f\u0131yoruz.<\/p>\n<p>Her ge\u00e7en g\u00fcn b\u00fcy\u00fcyen portf\u00f6y\u00fcm\u00fczde m\u00fc\u015fteri memnuniyeti odakl\u0131 \u00e7al\u0131\u015f\u0131yor, zaman\u0131nda ve kaliteli hizmet \u00fcretiyoruz.<\/p>\n<p>Sizlerin de tecr\u00fcbemizden ve kalitemizden faydalanmas\u0131n\u0131 \u00fcmit ediyoruz&#8230;[\/vc_column_text][vc_empty_space height=&#8221;35px&#8221;][\/qode_elements_holder_item][\/qode_elements_holder][\/vc_column][\/vc_row][vc_row css_animation=&#8221;&#8221; row_type=&#8221;row&#8221; use_row_as_full_screen_section=&#8221;no&#8221; type=&#8221;grid&#8221; angled_section=&#8221;no&#8221; text_align=&#8221;left&#8221; background_image_as_pattern=&#8221;without_pattern&#8221; z_index=&#8221;&#8221;][vc_column][vc_column_text]<\/p>\n<h2 style=\"text-align: center;\"><strong>H\u0130ZMETLER\u0130M\u0130Z<\/strong><\/h2>\n<p>[\/vc_column_text][vc_empty_space][vc_column_text]<\/p>\n<h3 style=\"text-align: center;\"><strong>BASKI H\u0130ZMETLER\u0130<\/strong><\/h3>\n<ul>\n<li style=\"text-align: left;\">KARTV\u0130Z\u0130T &#8211; ANTETL\u0130 KA\u011eIT VE ZARF &#8211; KURUMSAL DOSYA<\/li>\n<li>AJANDA \/ DEFTER<\/li>\n<li>\u00dcR\u00dcN \/ GIDA \/ HED\u0130YE KUTULARI &amp; AMBALAJ<\/li>\n<li>ET\u0130KET<\/li>\n<li>FATURA VE C\u0130LTL\u0130 \u0130\u015eLER<\/li>\n<li>EL BRO\u015e\u00dcR\u00dc \/ KATALOG \/ DERG\u0130 \/ B\u00dcLTEN \/ POSTER<\/li>\n<li>KARTON PO\u015eET<\/li>\n<li>T\u00dcM D\u0130J\u0130TAL BASKILAR<\/li>\n<\/ul>\n<p>[\/vc_column_text][vc_empty_space][vc_column_text]<\/p>\n<h3 style=\"text-align: center;\"><strong>D\u0130J\u0130TAL MEDYA H\u0130ZMETLER\u0130<\/strong><\/h3>\n<ul>\n<li style=\"text-align: left;\">GRAF\u0130K TASARIM<\/li>\n<li>WEB TASARIM<\/li>\n<li>MOB\u0130L UYGULAMALAR<\/li>\n<li>SOSYAL MEDYA DANI\u015eMANLI\u011eI<\/li>\n<li>PROFESYONEL TANITIM F\u0130LM\u0130 VE FOTO\u011eRAF \u00c7EK\u0130MLER\u0130<\/li>\n<li>SOSYAL MEDYA VE D\u0130J\u0130TAL MEDYA REKLAM Y\u00d6NET\u0130M\u0130<\/li>\n<\/ul>\n<p>[\/vc_column_text][vc_empty_space][\/vc_column][\/vc_row]<\/p>\n","protected":false},"excerpt":{"rendered":"<p>[vc_row css_animation=&#8221;&#8221; row_type=&#8221;row&#8221; use_row_as_full_screen_section=&#8221;no&#8221; type=&#8221;full_width&#8221; angled_section=&#8221;no&#8221; text_align=&#8221;left&#8221; background_image_as_pattern=&#8221;without_pattern&#8221; css=&#8221;.vc_custom_1521559721810{padding-top: 112px !important;}&#8221; z_index=&#8221;&#8221;][vc_column offset=&#8221;vc_hidden-md vc_hidden-sm&#8221;][\/vc_column][\/vc_row][vc_row css_animation=&#8221;&#8221; row_type=&#8221;row&#8221; use_row_as_full_screen_section=&#8221;no&#8221; type=&#8221;full_width&#8221; angled_section=&#8221;no&#8221; text_align=&#8221;left&#8221; background_image_as_pattern=&#8221;without_pattern&#8221; z_index=&#8221;&#8221; css=&#8221;.vc_custom_1521470179231{padding-top: 36px !important;padding-bottom: 100px !important;background-image: url(http:\/\/bridge189.qodeinteractive.com\/wp-content\/uploads\/2018\/03\/h1-background-5.jpg?id=96) !important;}&#8221;][vc_column offset=&#8221;vc_col-lg-offset-0 vc_col-lg-12&#8243;][qode_elements_holder number_of_columns=&#8221;two_columns&#8221; switch_to_one_column=&#8221;1000&#8243;][qode_elements_holder_item advanced_animations=&#8221;no&#8221; item_padding=&#8221;63px 4% 0px 20%&#8221; item_padding_1280_1440=&#8221;63px 8% 0px 0%&#8221; item_padding_768_1024=&#8221;63px 8% 0px&#8230;<\/p>\n","protected":false},"author":1,"featured_media":0,"parent":0,"menu_order":0,"comment_status":"closed","ping_status":"closed","template":"full_width.php","meta":[],"yoast_head":"<!-- This site is optimized with the Yoast SEO plugin v16.3 - https:\/\/yoast.com\/wordpress\/plugins\/seo\/ -->\n<title>Hakk\u0131m\u0131zda - Koala Bas\u0131m Matbaa Reklam Hizmetleri<\/title>\n<meta name=\"robots\" content=\"index, follow, max-snippet:-1, max-image-preview:large, max-video-preview:-1\" \/>\n<link rel=\"canonical\" href=\"https:\/\/koalabasim.com\/?page_id=252\" \/>\n<meta property=\"og:locale\" content=\"tr_TR\" \/>\n<meta property=\"og:type\" content=\"article\" \/>\n<meta property=\"og:title\" content=\"Hakk\u0131m\u0131zda - Koala Bas\u0131m Matbaa Reklam Hizmetleri\" \/>\n<meta property=\"og:description\" content=\"[vc_row css_animation=&#8221;&#8221; row_type=&#8221;row&#8221; use_row_as_full_screen_section=&#8221;no&#8221; type=&#8221;full_width&#8221; angled_section=&#8221;no&#8221; text_align=&#8221;left&#8221; background_image_as_pattern=&#8221;without_pattern&#8221; css=&#8221;.vc_custom_1521559721810{padding-top: 112px !important;}&#8221; z_index=&#8221;&#8221;][vc_column offset=&#8221;vc_hidden-md vc_hidden-sm&#8221;][\/vc_column][\/vc_row][vc_row css_animation=&#8221;&#8221; row_type=&#8221;row&#8221; use_row_as_full_screen_section=&#8221;no&#8221; type=&#8221;full_width&#8221; angled_section=&#8221;no&#8221; text_align=&#8221;left&#8221; background_image_as_pattern=&#8221;without_pattern&#8221; z_index=&#8221;&#8221; css=&#8221;.vc_custom_1521470179231{padding-top: 36px !important;padding-bottom: 100px !important;background-image: url(http:\/\/bridge189.qodeinteractive.com\/wp-content\/uploads\/2018\/03\/h1-background-5.jpg?id=96) !important;}&#8221;][vc_column offset=&#8221;vc_col-lg-offset-0 vc_col-lg-12&#8243;][qode_elements_holder number_of_columns=&#8221;two_columns&#8221; switch_to_one_column=&#8221;1000&#8243;][qode_elements_holder_item advanced_animations=&#8221;no&#8221; item_padding=&#8221;63px 4% 0px 20%&#8221; item_padding_1280_1440=&#8221;63px 8% 0px 0%&#8221; item_padding_768_1024=&#8221;63px 8% 0px...\" \/>\n<meta property=\"og:url\" content=\"https:\/\/koalabasim.com\/?page_id=252\" \/>\n<meta property=\"og:site_name\" content=\"Koala Bas\u0131m Matbaa Reklam Hizmetleri\" \/>\n<meta property=\"article:modified_time\" content=\"2021-05-21T14:40:01+00:00\" \/>\n<meta name=\"twitter:card\" content=\"summary_large_image\" \/>\n<meta name=\"twitter:label1\" content=\"Tahmini okuma s\u00fcresi\">\n\t<meta name=\"twitter:data1\" content=\"2 dakika\">\n<script type=\"application\/ld+json\" class=\"yoast-schema-graph\">{\"@context\":\"https:\/\/schema.org\",\"@graph\":[{\"@type\":\"Organization\",\"@id\":\"https:\/\/koalabasim.com\/#organization\",\"name\":\"Koala Bas\\u0131m\",\"url\":\"https:\/\/koalabasim.com\/\",\"sameAs\":[],\"logo\":{\"@type\":\"ImageObject\",\"@id\":\"https:\/\/koalabasim.com\/#logo\",\"inLanguage\":\"tr\",\"url\":\"http:\/\/koalabasim.com\/wp-content\/uploads\/2021\/05\/logo.png\",\"contentUrl\":\"http:\/\/koalabasim.com\/wp-content\/uploads\/2021\/05\/logo.png\",\"width\":500,\"height\":376,\"caption\":\"Koala Bas\\u0131m\"},\"image\":{\"@id\":\"https:\/\/koalabasim.com\/#logo\"}},{\"@type\":\"WebSite\",\"@id\":\"https:\/\/koalabasim.com\/#website\",\"url\":\"https:\/\/koalabasim.com\/\",\"name\":\"Koala Bas\\u0131m Matbaa Reklam Hizmetleri\",\"description\":\"Koala Bas\\u0131m Matbaa Reklam Hizmetleri\",\"publisher\":{\"@id\":\"https:\/\/koalabasim.com\/#organization\"},\"potentialAction\":[{\"@type\":\"SearchAction\",\"target\":\"https:\/\/koalabasim.com\/?s={search_term_string}\",\"query-input\":\"required name=search_term_string\"}],\"inLanguage\":\"tr\"},{\"@type\":\"WebPage\",\"@id\":\"https:\/\/koalabasim.com\/?page_id=252#webpage\",\"url\":\"https:\/\/koalabasim.com\/?page_id=252\",\"name\":\"Hakk\\u0131m\\u0131zda - Koala Bas\\u0131m Matbaa Reklam Hizmetleri\",\"isPartOf\":{\"@id\":\"https:\/\/koalabasim.com\/#website\"},\"datePublished\":\"2018-03-20T15:09:22+00:00\",\"dateModified\":\"2021-05-21T14:40:01+00:00\",\"breadcrumb\":{\"@id\":\"https:\/\/koalabasim.com\/?page_id=252#breadcrumb\"},\"inLanguage\":\"tr\",\"potentialAction\":[{\"@type\":\"ReadAction\",\"target\":[\"https:\/\/koalabasim.com\/?page_id=252\"]}]},{\"@type\":\"BreadcrumbList\",\"@id\":\"https:\/\/koalabasim.com\/?page_id=252#breadcrumb\",\"itemListElement\":[{\"@type\":\"ListItem\",\"position\":1,\"item\":{\"@type\":\"WebPage\",\"@id\":\"https:\/\/koalabasim.com\/\",\"url\":\"https:\/\/koalabasim.com\/\",\"name\":\"Anasayfa\"}},{\"@type\":\"ListItem\",\"position\":2,\"item\":{\"@id\":\"https:\/\/koalabasim.com\/?page_id=252#webpage\"}}]}]}<\/script>\n<!-- \/ Yoast SEO plugin. -->","_links":{"self":[{"href":"https:\/\/koalabasim.com\/index.php?rest_route=\/wp\/v2\/pages\/252"}],"collection":[{"href":"https:\/\/koalabasim.com\/index.php?rest_route=\/wp\/v2\/pages"}],"about":[{"href":"https:\/\/koalabasim.com\/index.php?rest_route=\/wp\/v2\/types\/page"}],"author":[{"embeddable":true,"href":"https:\/\/koalabasim.com\/index.php?rest_route=\/wp\/v2\/users\/1"}],"replies":[{"embeddable":true,"href":"https:\/\/koalabasim.com\/index.php?rest_route=%2Fwp%2Fv2%2Fcomments&post=252"}],"version-history":[{"count":2,"href":"https:\/\/koalabasim.com\/index.php?rest_route=\/wp\/v2\/pages\/252\/revisions"}],"predecessor-version":[{"id":329,"href":"https:\/\/koalabasim.com\/index.php?rest_route=\/wp\/v2\/pages\/252\/revisions\/329"}],"wp:attachment":[{"href":"https:\/\/koalabasim.com\/index.php?rest_route=%2Fwp%2Fv2%2Fmedia&parent=252"}],"curies":[{"name":"wp","href":"https:\/\/api.w.org\/{rel}","templated":true}]}}